{"id":10558,"date":"2024-12-07T16:32:03","date_gmt":"2024-12-07T16:32:03","guid":{"rendered":"https:\/\/deepskyblue-opossum-371189.hostingersite.com\/association-oppeju-cels\/"},"modified":"2025-04-09T22:51:53","modified_gmt":"2025-04-09T22:51:53","slug":"association-oppeju-cels","status":"publish","type":"page","link":"https:\/\/lnbiedriba.lv\/en\/about-the-society\/territorial-organisations-and-legal-members\/association-oppeju-cels\/","title":{"rendered":"Association &#8220;Opp\u0113ju ce\u013c\u0161&#8221;"},"content":{"rendered":"","protected":false},"excerpt":{"rendered":"","protected":false},"author":1,"featured_media":0,"parent":10621,"menu_order":30,"comment_status":"closed","ping_status":"closed","template":"builder.php","meta":[],"class_list":["post-10558","page","type-page","status-publish","hentry"],"acf":[],"yoast_head":"<!-- This site is optimized with the Yoast SEO plugin v25.1 - https:\/\/yoast.com\/wordpress\/plugins\/seo\/ -->\n<title>Association &quot;Opp\u0113ju ce\u013c\u0161&quot; - Latvijas Neredz\u012bgo Biedr\u012bba<\/title>\n<meta name=\"robots\" content=\"index, follow, max-snippet:-1, max-image-preview:large, max-video-preview:-1\" \/>\n<link rel=\"canonical\" href=\"https:\/\/lnbiedriba.lv\/en\/about-the-society\/territorial-organisations-and-legal-members\/association-oppeju-cels\/\" \/>\n<meta property=\"og:locale\" content=\"en_US\" \/>\n<meta property=\"og:type\" content=\"article\" \/>\n<meta property=\"og:title\" content=\"Association &quot;Opp\u0113ju ce\u013c\u0161&quot; - Latvijas Neredz\u012bgo Biedr\u012bba\" \/>\n<meta property=\"og:url\" content=\"https:\/\/lnbiedriba.lv\/en\/about-the-society\/territorial-organisations-and-legal-members\/association-oppeju-cels\/\" \/>\n<meta property=\"og:site_name\" content=\"Latvijas Neredz\u012bgo Biedr\u012bba\" \/>\n<meta property=\"article:modified_time\" content=\"2025-04-09T22:51:53+00:00\" \/>\n<meta name=\"twitter:card\" content=\"summary_large_image\" \/>\n<script type=\"application\/ld+json\" class=\"yoast-schema-graph\">{\"@context\":\"https:\/\/schema.org\",\"@graph\":[{\"@type\":\"WebPage\",\"@id\":\"https:\/\/lnbiedriba.lv\/en\/about-the-society\/territorial-organisations-and-legal-members\/association-oppeju-cels\/\",\"url\":\"https:\/\/lnbiedriba.lv\/en\/about-the-society\/territorial-organisations-and-legal-members\/association-oppeju-cels\/\",\"name\":\"Association \\\"Opp\u0113ju ce\u013c\u0161\\\" - Latvijas Neredz\u012bgo Biedr\u012bba\",\"isPartOf\":{\"@id\":\"https:\/\/www.deepskyblue-opossum-371189.hostingersite.com\/en\/#website\"},\"datePublished\":\"2024-12-07T16:32:03+00:00\",\"dateModified\":\"2025-04-09T22:51:53+00:00\",\"breadcrumb\":{\"@id\":\"https:\/\/lnbiedriba.lv\/en\/about-the-society\/territorial-organisations-and-legal-members\/association-oppeju-cels\/#breadcrumb\"},\"inLanguage\":\"en-US\",\"potentialAction\":[{\"@type\":\"ReadAction\",\"target\":[\"https:\/\/lnbiedriba.lv\/en\/about-the-society\/territorial-organisations-and-legal-members\/association-oppeju-cels\/\"]}]},{\"@type\":\"BreadcrumbList\",\"@id\":\"https:\/\/lnbiedriba.lv\/en\/about-the-society\/territorial-organisations-and-legal-members\/association-oppeju-cels\/#breadcrumb\",\"itemListElement\":[{\"@type\":\"ListItem\",\"position\":1,\"name\":\"Home\",\"item\":\"https:\/\/www.deepskyblue-opossum-371189.hostingersite.com\/en\/\"},{\"@type\":\"ListItem\",\"position\":2,\"name\":\"About the Society\",\"item\":\"https:\/\/lnbiedriba.lv\/en\/about-the-society\/\"},{\"@type\":\"ListItem\",\"position\":3,\"name\":\"Territorial organisations and legal members\",\"item\":\"https:\/\/lnbiedriba.lv\/en\/about-the-society\/territorial-organisations-and-legal-members\/\"},{\"@type\":\"ListItem\",\"position\":4,\"name\":\"Association &#8220;Opp\u0113ju ce\u013c\u0161&#8221;\"}]},{\"@type\":\"WebSite\",\"@id\":\"https:\/\/www.deepskyblue-opossum-371189.hostingersite.com\/en\/#website\",\"url\":\"https:\/\/www.deepskyblue-opossum-371189.hostingersite.com\/en\/\",\"name\":\"Latvijas Neredz\u012bgo Biedr\u012bba\",\"description\":\"Apvienojam un p\u0101rst\u0101vam 1., 2. un 3. grupas redzes inval\u012bdu intereses Latvij\u0101.\",\"potentialAction\":[{\"@type\":\"SearchAction\",\"target\":{\"@type\":\"EntryPoint\",\"urlTemplate\":\"https:\/\/www.deepskyblue-opossum-371189.hostingersite.com\/en\/?s={search_term_string}\"},\"query-input\":{\"@type\":\"PropertyValueSpecification\",\"valueRequired\":true,\"valueName\":\"search_term_string\"}}],\"inLanguage\":\"en-US\"}]}<\/script>\n<!-- \/ Yoast SEO plugin. -->","yoast_head_json":{"title":"Association \"Opp\u0113ju ce\u013c\u0161\" - Latvijas Neredz\u012bgo Biedr\u012bba","robots":{"index":"index","follow":"follow","max-snippet":"max-snippet:-1","max-image-preview":"max-image-preview:large","max-video-preview":"max-video-preview:-1"},"canonical":"https:\/\/lnbiedriba.lv\/en\/about-the-society\/territorial-organisations-and-legal-members\/association-oppeju-cels\/","og_locale":"en_US","og_type":"article","og_title":"Association \"Opp\u0113ju ce\u013c\u0161\" - Latvijas Neredz\u012bgo Biedr\u012bba","og_url":"https:\/\/lnbiedriba.lv\/en\/about-the-society\/territorial-organisations-and-legal-members\/association-oppeju-cels\/","og_site_name":"Latvijas Neredz\u012bgo Biedr\u012bba","article_modified_time":"2025-04-09T22:51:53+00:00","twitter_card":"summary_large_image","schema":{"@context":"https:\/\/schema.org","@graph":[{"@type":"WebPage","@id":"https:\/\/lnbiedriba.lv\/en\/about-the-society\/territorial-organisations-and-legal-members\/association-oppeju-cels\/","url":"https:\/\/lnbiedriba.lv\/en\/about-the-society\/territorial-organisations-and-legal-members\/association-oppeju-cels\/","name":"Association \"Opp\u0113ju ce\u013c\u0161\" - Latvijas Neredz\u012bgo Biedr\u012bba","isPartOf":{"@id":"https:\/\/www.deepskyblue-opossum-371189.hostingersite.com\/en\/#website"},"datePublished":"2024-12-07T16:32:03+00:00","dateModified":"2025-04-09T22:51:53+00:00","breadcrumb":{"@id":"https:\/\/lnbiedriba.lv\/en\/about-the-society\/territorial-organisations-and-legal-members\/association-oppeju-cels\/#breadcrumb"},"inLanguage":"en-US","potentialAction":[{"@type":"ReadAction","target":["https:\/\/lnbiedriba.lv\/en\/about-the-society\/territorial-organisations-and-legal-members\/association-oppeju-cels\/"]}]},{"@type":"BreadcrumbList","@id":"https:\/\/lnbiedriba.lv\/en\/about-the-society\/territorial-organisations-and-legal-members\/association-oppeju-cels\/#breadcrumb","itemListElement":[{"@type":"ListItem","position":1,"name":"Home","item":"https:\/\/www.deepskyblue-opossum-371189.hostingersite.com\/en\/"},{"@type":"ListItem","position":2,"name":"About the Society","item":"https:\/\/lnbiedriba.lv\/en\/about-the-society\/"},{"@type":"ListItem","position":3,"name":"Territorial organisations and legal members","item":"https:\/\/lnbiedriba.lv\/en\/about-the-society\/territorial-organisations-and-legal-members\/"},{"@type":"ListItem","position":4,"name":"Association &#8220;Opp\u0113ju ce\u013c\u0161&#8221;"}]},{"@type":"WebSite","@id":"https:\/\/www.deepskyblue-opossum-371189.hostingersite.com\/en\/#website","url":"https:\/\/www.deepskyblue-opossum-371189.hostingersite.com\/en\/","name":"Latvijas Neredz\u012bgo Biedr\u012bba","description":"Apvienojam un p\u0101rst\u0101vam 1., 2. un 3. grupas redzes inval\u012bdu intereses Latvij\u0101.","potentialAction":[{"@type":"SearchAction","target":{"@type":"EntryPoint","urlTemplate":"https:\/\/www.deepskyblue-opossum-371189.hostingersite.com\/en\/?s={search_term_string}"},"query-input":{"@type":"PropertyValueSpecification","valueRequired":true,"valueName":"search_term_string"}}],"inLanguage":"en-US"}]}},"_links":{"self":[{"href":"https:\/\/lnbiedriba.lv\/en\/wp-json\/wp\/v2\/pages\/10558","targetHints":{"allow":["GET"]}}],"collection":[{"href":"https:\/\/lnbiedriba.lv\/en\/wp-json\/wp\/v2\/pages"}],"about":[{"href":"https:\/\/lnbiedriba.lv\/en\/wp-json\/wp\/v2\/types\/page"}],"author":[{"embeddable":true,"href":"https:\/\/lnbiedriba.lv\/en\/wp-json\/wp\/v2\/users\/1"}],"replies":[{"embeddable":true,"href":"https:\/\/lnbiedriba.lv\/en\/wp-json\/wp\/v2\/comments?post=10558"}],"version-history":[{"count":1,"href":"https:\/\/lnbiedriba.lv\/en\/wp-json\/wp\/v2\/pages\/10558\/revisions"}],"predecessor-version":[{"id":10629,"href":"https:\/\/lnbiedriba.lv\/en\/wp-json\/wp\/v2\/pages\/10558\/revisions\/10629"}],"up":[{"embeddable":true,"href":"https:\/\/lnbiedriba.lv\/en\/wp-json\/wp\/v2\/pages\/10621"}],"wp:attachment":[{"href":"https:\/\/lnbiedriba.lv\/en\/wp-json\/wp\/v2\/media?parent=10558"}],"curies":[{"name":"wp","href":"https:\/\/api.w.org\/{rel}","templated":true}]}}