{"id":2094,"date":"2024-12-07T17:01:00","date_gmt":"2024-12-07T17:01:00","guid":{"rendered":"https:\/\/deepskyblue-opossum-371189.hostingersite.com\/?page_id=2094"},"modified":"2025-04-09T22:33:54","modified_gmt":"2025-04-09T22:33:54","slug":"rudens-roze","status":"publish","type":"page","link":"https:\/\/lnbiedriba.lv\/lv\/par-biedribu\/strazdumuizas-klubs\/kolektivi\/rudens-roze\/","title":{"rendered":"Rudens Roze &#8211; sievie\u0161u vok\u0101lais ansamblis"},"content":{"rendered":"","protected":false},"excerpt":{"rendered":"","protected":false},"author":1,"featured_media":0,"parent":2066,"menu_order":24,"comment_status":"closed","ping_status":"closed","template":"builder.php","meta":[],"class_list":["post-2094","page","type-page","status-publish","hentry"],"acf":[],"yoast_head":"<!-- This site is optimized with the Yoast SEO plugin v25.1 - https:\/\/yoast.com\/wordpress\/plugins\/seo\/ -->\n<title>Rudens Roze - sievie\u0161u vok\u0101lais ansamblis - Latvijas Neredz\u012bgo Biedr\u012bba<\/title>\n<meta name=\"robots\" content=\"index, follow, max-snippet:-1, max-image-preview:large, max-video-preview:-1\" \/>\n<link rel=\"canonical\" href=\"https:\/\/lnbiedriba.lv\/lv\/par-biedribu\/strazdumuizas-klubs\/kolektivi\/rudens-roze\/\" \/>\n<meta property=\"og:locale\" content=\"lv_LV\" \/>\n<meta property=\"og:type\" content=\"article\" \/>\n<meta property=\"og:title\" content=\"Rudens Roze - sievie\u0161u vok\u0101lais ansamblis - Latvijas Neredz\u012bgo Biedr\u012bba\" \/>\n<meta property=\"og:url\" content=\"https:\/\/lnbiedriba.lv\/lv\/par-biedribu\/strazdumuizas-klubs\/kolektivi\/rudens-roze\/\" \/>\n<meta property=\"og:site_name\" content=\"Latvijas Neredz\u012bgo Biedr\u012bba\" \/>\n<meta property=\"article:modified_time\" content=\"2025-04-09T22:33:54+00:00\" \/>\n<meta name=\"twitter:card\" content=\"summary_large_image\" \/>\n<script type=\"application\/ld+json\" class=\"yoast-schema-graph\">{\"@context\":\"https:\/\/schema.org\",\"@graph\":[{\"@type\":\"WebPage\",\"@id\":\"https:\/\/lnbiedriba.lv\/lv\/par-biedribu\/strazdumuizas-klubs\/kolektivi\/rudens-roze\/\",\"url\":\"https:\/\/lnbiedriba.lv\/lv\/par-biedribu\/strazdumuizas-klubs\/kolektivi\/rudens-roze\/\",\"name\":\"Rudens Roze - sievie\u0161u vok\u0101lais ansamblis - Latvijas Neredz\u012bgo Biedr\u012bba\",\"isPartOf\":{\"@id\":\"https:\/\/www.deepskyblue-opossum-371189.hostingersite.com\/en\/#website\"},\"datePublished\":\"2024-12-07T17:01:00+00:00\",\"dateModified\":\"2025-04-09T22:33:54+00:00\",\"breadcrumb\":{\"@id\":\"https:\/\/lnbiedriba.lv\/lv\/par-biedribu\/strazdumuizas-klubs\/kolektivi\/rudens-roze\/#breadcrumb\"},\"inLanguage\":\"lv-LV\",\"potentialAction\":[{\"@type\":\"ReadAction\",\"target\":[\"https:\/\/lnbiedriba.lv\/lv\/par-biedribu\/strazdumuizas-klubs\/kolektivi\/rudens-roze\/\"]}]},{\"@type\":\"BreadcrumbList\",\"@id\":\"https:\/\/lnbiedriba.lv\/lv\/par-biedribu\/strazdumuizas-klubs\/kolektivi\/rudens-roze\/#breadcrumb\",\"itemListElement\":[{\"@type\":\"ListItem\",\"position\":1,\"name\":\"Home\",\"item\":\"https:\/\/www.deepskyblue-opossum-371189.hostingersite.com\/lv\/\"},{\"@type\":\"ListItem\",\"position\":2,\"name\":\"Par biedr\u012bbu\",\"item\":\"https:\/\/lnbiedriba.lv\/lv\/par-biedribu\/\"},{\"@type\":\"ListItem\",\"position\":3,\"name\":\"Strazdumui\u017eas klubs\",\"item\":\"https:\/\/lnbiedriba.lv\/lv\/par-biedribu\/strazdumuizas-klubs\/\"},{\"@type\":\"ListItem\",\"position\":4,\"name\":\"Strazdumui\u017eas kluba kolekt\u012bvi\",\"item\":\"https:\/\/lnbiedriba.lv\/lv\/par-biedribu\/strazdumuizas-klubs\/kolektivi\/\"},{\"@type\":\"ListItem\",\"position\":5,\"name\":\"Rudens Roze &#8211; sievie\u0161u vok\u0101lais ansamblis\"}]},{\"@type\":\"WebSite\",\"@id\":\"https:\/\/www.deepskyblue-opossum-371189.hostingersite.com\/en\/#website\",\"url\":\"https:\/\/www.deepskyblue-opossum-371189.hostingersite.com\/en\/\",\"name\":\"Latvijas Neredz\u012bgo Biedr\u012bba\",\"description\":\"Apvienojam un p\u0101rst\u0101vam 1., 2. un 3. grupas redzes inval\u012bdu intereses Latvij\u0101.\",\"potentialAction\":[{\"@type\":\"SearchAction\",\"target\":{\"@type\":\"EntryPoint\",\"urlTemplate\":\"https:\/\/www.deepskyblue-opossum-371189.hostingersite.com\/en\/?s={search_term_string}\"},\"query-input\":{\"@type\":\"PropertyValueSpecification\",\"valueRequired\":true,\"valueName\":\"search_term_string\"}}],\"inLanguage\":\"lv-LV\"}]}<\/script>\n<!-- \/ Yoast SEO plugin. -->","yoast_head_json":{"title":"Rudens Roze - sievie\u0161u vok\u0101lais ansamblis - Latvijas Neredz\u012bgo Biedr\u012bba","robots":{"index":"index","follow":"follow","max-snippet":"max-snippet:-1","max-image-preview":"max-image-preview:large","max-video-preview":"max-video-preview:-1"},"canonical":"https:\/\/lnbiedriba.lv\/lv\/par-biedribu\/strazdumuizas-klubs\/kolektivi\/rudens-roze\/","og_locale":"lv_LV","og_type":"article","og_title":"Rudens Roze - sievie\u0161u vok\u0101lais ansamblis - Latvijas Neredz\u012bgo Biedr\u012bba","og_url":"https:\/\/lnbiedriba.lv\/lv\/par-biedribu\/strazdumuizas-klubs\/kolektivi\/rudens-roze\/","og_site_name":"Latvijas Neredz\u012bgo Biedr\u012bba","article_modified_time":"2025-04-09T22:33:54+00:00","twitter_card":"summary_large_image","schema":{"@context":"https:\/\/schema.org","@graph":[{"@type":"WebPage","@id":"https:\/\/lnbiedriba.lv\/lv\/par-biedribu\/strazdumuizas-klubs\/kolektivi\/rudens-roze\/","url":"https:\/\/lnbiedriba.lv\/lv\/par-biedribu\/strazdumuizas-klubs\/kolektivi\/rudens-roze\/","name":"Rudens Roze - sievie\u0161u vok\u0101lais ansamblis - Latvijas Neredz\u012bgo Biedr\u012bba","isPartOf":{"@id":"https:\/\/www.deepskyblue-opossum-371189.hostingersite.com\/en\/#website"},"datePublished":"2024-12-07T17:01:00+00:00","dateModified":"2025-04-09T22:33:54+00:00","breadcrumb":{"@id":"https:\/\/lnbiedriba.lv\/lv\/par-biedribu\/strazdumuizas-klubs\/kolektivi\/rudens-roze\/#breadcrumb"},"inLanguage":"lv-LV","potentialAction":[{"@type":"ReadAction","target":["https:\/\/lnbiedriba.lv\/lv\/par-biedribu\/strazdumuizas-klubs\/kolektivi\/rudens-roze\/"]}]},{"@type":"BreadcrumbList","@id":"https:\/\/lnbiedriba.lv\/lv\/par-biedribu\/strazdumuizas-klubs\/kolektivi\/rudens-roze\/#breadcrumb","itemListElement":[{"@type":"ListItem","position":1,"name":"Home","item":"https:\/\/www.deepskyblue-opossum-371189.hostingersite.com\/lv\/"},{"@type":"ListItem","position":2,"name":"Par biedr\u012bbu","item":"https:\/\/lnbiedriba.lv\/lv\/par-biedribu\/"},{"@type":"ListItem","position":3,"name":"Strazdumui\u017eas klubs","item":"https:\/\/lnbiedriba.lv\/lv\/par-biedribu\/strazdumuizas-klubs\/"},{"@type":"ListItem","position":4,"name":"Strazdumui\u017eas kluba kolekt\u012bvi","item":"https:\/\/lnbiedriba.lv\/lv\/par-biedribu\/strazdumuizas-klubs\/kolektivi\/"},{"@type":"ListItem","position":5,"name":"Rudens Roze &#8211; sievie\u0161u vok\u0101lais ansamblis"}]},{"@type":"WebSite","@id":"https:\/\/www.deepskyblue-opossum-371189.hostingersite.com\/en\/#website","url":"https:\/\/www.deepskyblue-opossum-371189.hostingersite.com\/en\/","name":"Latvijas Neredz\u012bgo Biedr\u012bba","description":"Apvienojam un p\u0101rst\u0101vam 1., 2. un 3. grupas redzes inval\u012bdu intereses Latvij\u0101.","potentialAction":[{"@type":"SearchAction","target":{"@type":"EntryPoint","urlTemplate":"https:\/\/www.deepskyblue-opossum-371189.hostingersite.com\/en\/?s={search_term_string}"},"query-input":{"@type":"PropertyValueSpecification","valueRequired":true,"valueName":"search_term_string"}}],"inLanguage":"lv-LV"}]}},"_links":{"self":[{"href":"https:\/\/lnbiedriba.lv\/lv\/wp-json\/wp\/v2\/pages\/2094","targetHints":{"allow":["GET"]}}],"collection":[{"href":"https:\/\/lnbiedriba.lv\/lv\/wp-json\/wp\/v2\/pages"}],"about":[{"href":"https:\/\/lnbiedriba.lv\/lv\/wp-json\/wp\/v2\/types\/page"}],"author":[{"embeddable":true,"href":"https:\/\/lnbiedriba.lv\/lv\/wp-json\/wp\/v2\/users\/1"}],"replies":[{"embeddable":true,"href":"https:\/\/lnbiedriba.lv\/lv\/wp-json\/wp\/v2\/comments?post=2094"}],"version-history":[{"count":1,"href":"https:\/\/lnbiedriba.lv\/lv\/wp-json\/wp\/v2\/pages\/2094\/revisions"}],"predecessor-version":[{"id":2097,"href":"https:\/\/lnbiedriba.lv\/lv\/wp-json\/wp\/v2\/pages\/2094\/revisions\/2097"}],"up":[{"embeddable":true,"href":"https:\/\/lnbiedriba.lv\/lv\/wp-json\/wp\/v2\/pages\/2066"}],"wp:attachment":[{"href":"https:\/\/lnbiedriba.lv\/lv\/wp-json\/wp\/v2\/media?parent=2094"}],"curies":[{"name":"wp","href":"https:\/\/api.w.org\/{rel}","templated":true}]}}