{"id":2166,"date":"2024-12-07T17:36:17","date_gmt":"2024-12-07T17:36:17","guid":{"rendered":"https:\/\/deepskyblue-opossum-371189.hostingersite.com\/?page_id=2166"},"modified":"2025-04-09T22:33:45","modified_gmt":"2025-04-09T22:33:45","slug":"lnb-attistibas-koncepcijas","status":"publish","type":"page","link":"https:\/\/lnbiedriba.lv\/lv\/par-biedribu\/lnb-attistibas-koncepcijas\/","title":{"rendered":"LNB att\u012bst\u012bbas koncepcijas"},"content":{"rendered":"","protected":false},"excerpt":{"rendered":"","protected":false},"author":1,"featured_media":0,"parent":1823,"menu_order":15,"comment_status":"closed","ping_status":"closed","template":"builder.php","meta":[],"class_list":["post-2166","page","type-page","status-publish","hentry"],"acf":[],"yoast_head":"<!-- This site is optimized with the Yoast SEO plugin v25.1 - https:\/\/yoast.com\/wordpress\/plugins\/seo\/ -->\n<title>LNB att\u012bst\u012bbas koncepcijas - Latvijas Neredz\u012bgo Biedr\u012bba<\/title>\n<meta name=\"robots\" content=\"index, follow, max-snippet:-1, max-image-preview:large, max-video-preview:-1\" \/>\n<link rel=\"canonical\" href=\"https:\/\/lnbiedriba.lv\/lv\/par-biedribu\/lnb-attistibas-koncepcijas\/\" \/>\n<meta property=\"og:locale\" content=\"lv_LV\" \/>\n<meta property=\"og:type\" content=\"article\" \/>\n<meta property=\"og:title\" content=\"LNB att\u012bst\u012bbas koncepcijas - Latvijas Neredz\u012bgo Biedr\u012bba\" \/>\n<meta property=\"og:url\" content=\"https:\/\/lnbiedriba.lv\/lv\/par-biedribu\/lnb-attistibas-koncepcijas\/\" \/>\n<meta property=\"og:site_name\" content=\"Latvijas Neredz\u012bgo Biedr\u012bba\" \/>\n<meta property=\"article:modified_time\" content=\"2025-04-09T22:33:45+00:00\" \/>\n<meta name=\"twitter:card\" content=\"summary_large_image\" \/>\n<script type=\"application\/ld+json\" class=\"yoast-schema-graph\">{\"@context\":\"https:\/\/schema.org\",\"@graph\":[{\"@type\":\"WebPage\",\"@id\":\"https:\/\/lnbiedriba.lv\/lv\/par-biedribu\/lnb-attistibas-koncepcijas\/\",\"url\":\"https:\/\/lnbiedriba.lv\/lv\/par-biedribu\/lnb-attistibas-koncepcijas\/\",\"name\":\"LNB att\u012bst\u012bbas koncepcijas - Latvijas Neredz\u012bgo Biedr\u012bba\",\"isPartOf\":{\"@id\":\"https:\/\/www.deepskyblue-opossum-371189.hostingersite.com\/en\/#website\"},\"datePublished\":\"2024-12-07T17:36:17+00:00\",\"dateModified\":\"2025-04-09T22:33:45+00:00\",\"breadcrumb\":{\"@id\":\"https:\/\/lnbiedriba.lv\/lv\/par-biedribu\/lnb-attistibas-koncepcijas\/#breadcrumb\"},\"inLanguage\":\"lv-LV\",\"potentialAction\":[{\"@type\":\"ReadAction\",\"target\":[\"https:\/\/lnbiedriba.lv\/lv\/par-biedribu\/lnb-attistibas-koncepcijas\/\"]}]},{\"@type\":\"BreadcrumbList\",\"@id\":\"https:\/\/lnbiedriba.lv\/lv\/par-biedribu\/lnb-attistibas-koncepcijas\/#breadcrumb\",\"itemListElement\":[{\"@type\":\"ListItem\",\"position\":1,\"name\":\"Home\",\"item\":\"https:\/\/www.deepskyblue-opossum-371189.hostingersite.com\/lv\/\"},{\"@type\":\"ListItem\",\"position\":2,\"name\":\"Par biedr\u012bbu\",\"item\":\"https:\/\/lnbiedriba.lv\/lv\/par-biedribu\/\"},{\"@type\":\"ListItem\",\"position\":3,\"name\":\"LNB att\u012bst\u012bbas koncepcijas\"}]},{\"@type\":\"WebSite\",\"@id\":\"https:\/\/www.deepskyblue-opossum-371189.hostingersite.com\/en\/#website\",\"url\":\"https:\/\/www.deepskyblue-opossum-371189.hostingersite.com\/en\/\",\"name\":\"Latvijas Neredz\u012bgo Biedr\u012bba\",\"description\":\"Apvienojam un p\u0101rst\u0101vam 1., 2. un 3. grupas redzes inval\u012bdu intereses Latvij\u0101.\",\"potentialAction\":[{\"@type\":\"SearchAction\",\"target\":{\"@type\":\"EntryPoint\",\"urlTemplate\":\"https:\/\/www.deepskyblue-opossum-371189.hostingersite.com\/en\/?s={search_term_string}\"},\"query-input\":{\"@type\":\"PropertyValueSpecification\",\"valueRequired\":true,\"valueName\":\"search_term_string\"}}],\"inLanguage\":\"lv-LV\"}]}<\/script>\n<!-- \/ Yoast SEO plugin. -->","yoast_head_json":{"title":"LNB att\u012bst\u012bbas koncepcijas - Latvijas Neredz\u012bgo Biedr\u012bba","robots":{"index":"index","follow":"follow","max-snippet":"max-snippet:-1","max-image-preview":"max-image-preview:large","max-video-preview":"max-video-preview:-1"},"canonical":"https:\/\/lnbiedriba.lv\/lv\/par-biedribu\/lnb-attistibas-koncepcijas\/","og_locale":"lv_LV","og_type":"article","og_title":"LNB att\u012bst\u012bbas koncepcijas - Latvijas Neredz\u012bgo Biedr\u012bba","og_url":"https:\/\/lnbiedriba.lv\/lv\/par-biedribu\/lnb-attistibas-koncepcijas\/","og_site_name":"Latvijas Neredz\u012bgo Biedr\u012bba","article_modified_time":"2025-04-09T22:33:45+00:00","twitter_card":"summary_large_image","schema":{"@context":"https:\/\/schema.org","@graph":[{"@type":"WebPage","@id":"https:\/\/lnbiedriba.lv\/lv\/par-biedribu\/lnb-attistibas-koncepcijas\/","url":"https:\/\/lnbiedriba.lv\/lv\/par-biedribu\/lnb-attistibas-koncepcijas\/","name":"LNB att\u012bst\u012bbas koncepcijas - Latvijas Neredz\u012bgo Biedr\u012bba","isPartOf":{"@id":"https:\/\/www.deepskyblue-opossum-371189.hostingersite.com\/en\/#website"},"datePublished":"2024-12-07T17:36:17+00:00","dateModified":"2025-04-09T22:33:45+00:00","breadcrumb":{"@id":"https:\/\/lnbiedriba.lv\/lv\/par-biedribu\/lnb-attistibas-koncepcijas\/#breadcrumb"},"inLanguage":"lv-LV","potentialAction":[{"@type":"ReadAction","target":["https:\/\/lnbiedriba.lv\/lv\/par-biedribu\/lnb-attistibas-koncepcijas\/"]}]},{"@type":"BreadcrumbList","@id":"https:\/\/lnbiedriba.lv\/lv\/par-biedribu\/lnb-attistibas-koncepcijas\/#breadcrumb","itemListElement":[{"@type":"ListItem","position":1,"name":"Home","item":"https:\/\/www.deepskyblue-opossum-371189.hostingersite.com\/lv\/"},{"@type":"ListItem","position":2,"name":"Par biedr\u012bbu","item":"https:\/\/lnbiedriba.lv\/lv\/par-biedribu\/"},{"@type":"ListItem","position":3,"name":"LNB att\u012bst\u012bbas koncepcijas"}]},{"@type":"WebSite","@id":"https:\/\/www.deepskyblue-opossum-371189.hostingersite.com\/en\/#website","url":"https:\/\/www.deepskyblue-opossum-371189.hostingersite.com\/en\/","name":"Latvijas Neredz\u012bgo Biedr\u012bba","description":"Apvienojam un p\u0101rst\u0101vam 1., 2. un 3. grupas redzes inval\u012bdu intereses Latvij\u0101.","potentialAction":[{"@type":"SearchAction","target":{"@type":"EntryPoint","urlTemplate":"https:\/\/www.deepskyblue-opossum-371189.hostingersite.com\/en\/?s={search_term_string}"},"query-input":{"@type":"PropertyValueSpecification","valueRequired":true,"valueName":"search_term_string"}}],"inLanguage":"lv-LV"}]}},"_links":{"self":[{"href":"https:\/\/lnbiedriba.lv\/lv\/wp-json\/wp\/v2\/pages\/2166","targetHints":{"allow":["GET"]}}],"collection":[{"href":"https:\/\/lnbiedriba.lv\/lv\/wp-json\/wp\/v2\/pages"}],"about":[{"href":"https:\/\/lnbiedriba.lv\/lv\/wp-json\/wp\/v2\/types\/page"}],"author":[{"embeddable":true,"href":"https:\/\/lnbiedriba.lv\/lv\/wp-json\/wp\/v2\/users\/1"}],"replies":[{"embeddable":true,"href":"https:\/\/lnbiedriba.lv\/lv\/wp-json\/wp\/v2\/comments?post=2166"}],"version-history":[{"count":4,"href":"https:\/\/lnbiedriba.lv\/lv\/wp-json\/wp\/v2\/pages\/2166\/revisions"}],"predecessor-version":[{"id":2177,"href":"https:\/\/lnbiedriba.lv\/lv\/wp-json\/wp\/v2\/pages\/2166\/revisions\/2177"}],"up":[{"embeddable":true,"href":"https:\/\/lnbiedriba.lv\/lv\/wp-json\/wp\/v2\/pages\/1823"}],"wp:attachment":[{"href":"https:\/\/lnbiedriba.lv\/lv\/wp-json\/wp\/v2\/media?parent=2166"}],"curies":[{"name":"wp","href":"https:\/\/api.w.org\/{rel}","templated":true}]}}