{"id":10520,"date":"2024-12-06T17:15:42","date_gmt":"2024-12-06T15:15:42","guid":{"rendered":"https:\/\/deepskyblue-opossum-371189.hostingersite.com\/%d1%80%d0%b5%d0%b0%d0%b1%d0%b8%d0%bb%d0%b8%d1%82%d0%b0%d1%86%d0%b8%d1%8f\/"},"modified":"2025-12-09T17:19:36","modified_gmt":"2025-12-09T15:19:36","slug":"%d1%80%d0%b5%d0%b0%d0%b1%d0%b8%d0%bb%d0%b8%d1%82%d0%b0%d1%86%d0%b8%d1%8f","status":"publish","type":"page","link":"https:\/\/lnbiedriba.lv\/ru\/%d1%80%d0%b5%d0%b0%d0%b1%d0%b8%d0%bb%d0%b8%d1%82%d0%b0%d1%86%d0%b8%d1%8f\/","title":{"rendered":"\u0420\u0435\u0430\u0431\u0438\u043b\u0438\u0442\u0430\u0446\u0438\u044f"},"content":{"rendered":"","protected":false},"excerpt":{"rendered":"","protected":false},"author":1,"featured_media":0,"parent":0,"menu_order":2,"comment_status":"closed","ping_status":"closed","template":"builder.php","meta":[],"class_list":["post-10520","page","type-page","status-publish","hentry"],"acf":[],"yoast_head":"<!-- This site is optimized with the Yoast SEO plugin v25.1 - https:\/\/yoast.com\/wordpress\/plugins\/seo\/ -->\n<title>\u0420\u0435\u0430\u0431\u0438\u043b\u0438\u0442\u0430\u0446\u0438\u044f - Latvijas Neredz\u012bgo Biedr\u012bba<\/title>\n<meta name=\"robots\" content=\"index, follow, max-snippet:-1, max-image-preview:large, max-video-preview:-1\" \/>\n<link rel=\"canonical\" href=\"https:\/\/lnbiedriba.lv\/ru\/\u0440\u0435\u0430\u0431\u0438\u043b\u0438\u0442\u0430\u0446\u0438\u044f\/\" \/>\n<meta property=\"og:locale\" content=\"ru_RU\" \/>\n<meta property=\"og:type\" content=\"article\" \/>\n<meta property=\"og:title\" content=\"\u0420\u0435\u0430\u0431\u0438\u043b\u0438\u0442\u0430\u0446\u0438\u044f - Latvijas Neredz\u012bgo Biedr\u012bba\" \/>\n<meta property=\"og:url\" content=\"https:\/\/lnbiedriba.lv\/ru\/\u0440\u0435\u0430\u0431\u0438\u043b\u0438\u0442\u0430\u0446\u0438\u044f\/\" \/>\n<meta property=\"og:site_name\" content=\"Latvijas Neredz\u012bgo Biedr\u012bba\" \/>\n<meta property=\"article:modified_time\" content=\"2025-12-09T15:19:36+00:00\" \/>\n<meta name=\"twitter:card\" content=\"summary_large_image\" \/>\n<script type=\"application\/ld+json\" class=\"yoast-schema-graph\">{\"@context\":\"https:\/\/schema.org\",\"@graph\":[{\"@type\":\"WebPage\",\"@id\":\"https:\/\/lnbiedriba.lv\/ru\/%d1%80%d0%b5%d0%b0%d0%b1%d0%b8%d0%bb%d0%b8%d1%82%d0%b0%d1%86%d0%b8%d1%8f\/\",\"url\":\"https:\/\/lnbiedriba.lv\/ru\/%d1%80%d0%b5%d0%b0%d0%b1%d0%b8%d0%bb%d0%b8%d1%82%d0%b0%d1%86%d0%b8%d1%8f\/\",\"name\":\"\u0420\u0435\u0430\u0431\u0438\u043b\u0438\u0442\u0430\u0446\u0438\u044f - Latvijas Neredz\u012bgo Biedr\u012bba\",\"isPartOf\":{\"@id\":\"https:\/\/www.deepskyblue-opossum-371189.hostingersite.com\/en\/#website\"},\"datePublished\":\"2024-12-06T15:15:42+00:00\",\"dateModified\":\"2025-12-09T15:19:36+00:00\",\"breadcrumb\":{\"@id\":\"https:\/\/lnbiedriba.lv\/ru\/%d1%80%d0%b5%d0%b0%d0%b1%d0%b8%d0%bb%d0%b8%d1%82%d0%b0%d1%86%d0%b8%d1%8f\/#breadcrumb\"},\"inLanguage\":\"ru-RU\",\"potentialAction\":[{\"@type\":\"ReadAction\",\"target\":[\"https:\/\/lnbiedriba.lv\/ru\/%d1%80%d0%b5%d0%b0%d0%b1%d0%b8%d0%bb%d0%b8%d1%82%d0%b0%d1%86%d0%b8%d1%8f\/\"]}]},{\"@type\":\"BreadcrumbList\",\"@id\":\"https:\/\/lnbiedriba.lv\/ru\/%d1%80%d0%b5%d0%b0%d0%b1%d0%b8%d0%bb%d0%b8%d1%82%d0%b0%d1%86%d0%b8%d1%8f\/#breadcrumb\",\"itemListElement\":[{\"@type\":\"ListItem\",\"position\":1,\"name\":\"Home\",\"item\":\"https:\/\/www.deepskyblue-opossum-371189.hostingersite.com\/ru\/\"},{\"@type\":\"ListItem\",\"position\":2,\"name\":\"\u0420\u0435\u0430\u0431\u0438\u043b\u0438\u0442\u0430\u0446\u0438\u044f\"}]},{\"@type\":\"WebSite\",\"@id\":\"https:\/\/www.deepskyblue-opossum-371189.hostingersite.com\/en\/#website\",\"url\":\"https:\/\/www.deepskyblue-opossum-371189.hostingersite.com\/en\/\",\"name\":\"Latvijas Neredz\u012bgo Biedr\u012bba\",\"description\":\"Apvienojam un p\u0101rst\u0101vam 1., 2. un 3. grupas redzes inval\u012bdu intereses Latvij\u0101.\",\"potentialAction\":[{\"@type\":\"SearchAction\",\"target\":{\"@type\":\"EntryPoint\",\"urlTemplate\":\"https:\/\/www.deepskyblue-opossum-371189.hostingersite.com\/en\/?s={search_term_string}\"},\"query-input\":{\"@type\":\"PropertyValueSpecification\",\"valueRequired\":true,\"valueName\":\"search_term_string\"}}],\"inLanguage\":\"ru-RU\"}]}<\/script>\n<!-- \/ Yoast SEO plugin. -->","yoast_head_json":{"title":"\u0420\u0435\u0430\u0431\u0438\u043b\u0438\u0442\u0430\u0446\u0438\u044f - Latvijas Neredz\u012bgo Biedr\u012bba","robots":{"index":"index","follow":"follow","max-snippet":"max-snippet:-1","max-image-preview":"max-image-preview:large","max-video-preview":"max-video-preview:-1"},"canonical":"https:\/\/lnbiedriba.lv\/ru\/\u0440\u0435\u0430\u0431\u0438\u043b\u0438\u0442\u0430\u0446\u0438\u044f\/","og_locale":"ru_RU","og_type":"article","og_title":"\u0420\u0435\u0430\u0431\u0438\u043b\u0438\u0442\u0430\u0446\u0438\u044f - Latvijas Neredz\u012bgo Biedr\u012bba","og_url":"https:\/\/lnbiedriba.lv\/ru\/\u0440\u0435\u0430\u0431\u0438\u043b\u0438\u0442\u0430\u0446\u0438\u044f\/","og_site_name":"Latvijas Neredz\u012bgo Biedr\u012bba","article_modified_time":"2025-12-09T15:19:36+00:00","twitter_card":"summary_large_image","schema":{"@context":"https:\/\/schema.org","@graph":[{"@type":"WebPage","@id":"https:\/\/lnbiedriba.lv\/ru\/%d1%80%d0%b5%d0%b0%d0%b1%d0%b8%d0%bb%d0%b8%d1%82%d0%b0%d1%86%d0%b8%d1%8f\/","url":"https:\/\/lnbiedriba.lv\/ru\/%d1%80%d0%b5%d0%b0%d0%b1%d0%b8%d0%bb%d0%b8%d1%82%d0%b0%d1%86%d0%b8%d1%8f\/","name":"\u0420\u0435\u0430\u0431\u0438\u043b\u0438\u0442\u0430\u0446\u0438\u044f - Latvijas Neredz\u012bgo Biedr\u012bba","isPartOf":{"@id":"https:\/\/www.deepskyblue-opossum-371189.hostingersite.com\/en\/#website"},"datePublished":"2024-12-06T15:15:42+00:00","dateModified":"2025-12-09T15:19:36+00:00","breadcrumb":{"@id":"https:\/\/lnbiedriba.lv\/ru\/%d1%80%d0%b5%d0%b0%d0%b1%d0%b8%d0%bb%d0%b8%d1%82%d0%b0%d1%86%d0%b8%d1%8f\/#breadcrumb"},"inLanguage":"ru-RU","potentialAction":[{"@type":"ReadAction","target":["https:\/\/lnbiedriba.lv\/ru\/%d1%80%d0%b5%d0%b0%d0%b1%d0%b8%d0%bb%d0%b8%d1%82%d0%b0%d1%86%d0%b8%d1%8f\/"]}]},{"@type":"BreadcrumbList","@id":"https:\/\/lnbiedriba.lv\/ru\/%d1%80%d0%b5%d0%b0%d0%b1%d0%b8%d0%bb%d0%b8%d1%82%d0%b0%d1%86%d0%b8%d1%8f\/#breadcrumb","itemListElement":[{"@type":"ListItem","position":1,"name":"Home","item":"https:\/\/www.deepskyblue-opossum-371189.hostingersite.com\/ru\/"},{"@type":"ListItem","position":2,"name":"\u0420\u0435\u0430\u0431\u0438\u043b\u0438\u0442\u0430\u0446\u0438\u044f"}]},{"@type":"WebSite","@id":"https:\/\/www.deepskyblue-opossum-371189.hostingersite.com\/en\/#website","url":"https:\/\/www.deepskyblue-opossum-371189.hostingersite.com\/en\/","name":"Latvijas Neredz\u012bgo Biedr\u012bba","description":"Apvienojam un p\u0101rst\u0101vam 1., 2. un 3. grupas redzes inval\u012bdu intereses Latvij\u0101.","potentialAction":[{"@type":"SearchAction","target":{"@type":"EntryPoint","urlTemplate":"https:\/\/www.deepskyblue-opossum-371189.hostingersite.com\/en\/?s={search_term_string}"},"query-input":{"@type":"PropertyValueSpecification","valueRequired":true,"valueName":"search_term_string"}}],"inLanguage":"ru-RU"}]}},"_links":{"self":[{"href":"https:\/\/lnbiedriba.lv\/ru\/wp-json\/wp\/v2\/pages\/10520","targetHints":{"allow":["GET"]}}],"collection":[{"href":"https:\/\/lnbiedriba.lv\/ru\/wp-json\/wp\/v2\/pages"}],"about":[{"href":"https:\/\/lnbiedriba.lv\/ru\/wp-json\/wp\/v2\/types\/page"}],"author":[{"embeddable":true,"href":"https:\/\/lnbiedriba.lv\/ru\/wp-json\/wp\/v2\/users\/1"}],"replies":[{"embeddable":true,"href":"https:\/\/lnbiedriba.lv\/ru\/wp-json\/wp\/v2\/comments?post=10520"}],"version-history":[{"count":4,"href":"https:\/\/lnbiedriba.lv\/ru\/wp-json\/wp\/v2\/pages\/10520\/revisions"}],"predecessor-version":[{"id":17133,"href":"https:\/\/lnbiedriba.lv\/ru\/wp-json\/wp\/v2\/pages\/10520\/revisions\/17133"}],"wp:attachment":[{"href":"https:\/\/lnbiedriba.lv\/ru\/wp-json\/wp\/v2\/media?parent=10520"}],"curies":[{"name":"wp","href":"https:\/\/api.w.org\/{rel}","templated":true}]}}