{"id":10565,"date":"2024-12-06T21:18:01","date_gmt":"2024-12-06T21:18:01","guid":{"rendered":"https:\/\/deepskyblue-opossum-371189.hostingersite.com\/%d1%8d%d0%ba%d0%be%d0%bb%d0%be%d0%b3%d0%b8%d1%87%d0%b5%d1%81%d0%ba%d0%b0%d1%8f-%d0%b4%d0%be%d1%81%d1%82%d1%83%d0%bf%d0%bd%d0%be%d1%81%d1%82%d1%8c\/"},"modified":"2025-04-09T22:57:12","modified_gmt":"2025-04-09T22:57:12","slug":"%d1%8d%d0%ba%d0%be%d0%bb%d0%be%d0%b3%d0%b8%d1%87%d0%b5%d1%81%d0%ba%d0%b0%d1%8f-%d0%b4%d0%be%d1%81%d1%82%d1%83%d0%bf%d0%bd%d0%be%d1%81%d1%82%d1%8c","status":"publish","type":"page","link":"https:\/\/lnbiedriba.lv\/ru\/%d0%be%d0%b1-%d0%be%d0%b1%d1%89%d0%b5%d1%81%d1%82%d0%b2%d0%b5\/%d1%8d%d0%ba%d0%be%d0%bb%d0%be%d0%b3%d0%b8%d1%87%d0%b5%d1%81%d0%ba%d0%b0%d1%8f-%d0%b4%d0%be%d1%81%d1%82%d1%83%d0%bf%d0%bd%d0%be%d1%81%d1%82%d1%8c\/","title":{"rendered":"\u042d\u043a\u043e\u043b\u043e\u0433\u0438\u0447\u0435\u0441\u043a\u0430\u044f \u0434\u043e\u0441\u0442\u0443\u043f\u043d\u043e\u0441\u0442\u044c"},"content":{"rendered":"","protected":false},"excerpt":{"rendered":"","protected":false},"author":1,"featured_media":0,"parent":10632,"menu_order":18,"comment_status":"closed","ping_status":"closed","template":"builder.php","meta":[],"class_list":["post-10565","page","type-page","status-publish","hentry"],"acf":[],"yoast_head":"<!-- This site is optimized with the Yoast SEO plugin v25.1 - https:\/\/yoast.com\/wordpress\/plugins\/seo\/ -->\n<title>\u042d\u043a\u043e\u043b\u043e\u0433\u0438\u0447\u0435\u0441\u043a\u0430\u044f \u0434\u043e\u0441\u0442\u0443\u043f\u043d\u043e\u0441\u0442\u044c - Latvijas Neredz\u012bgo Biedr\u012bba<\/title>\n<meta name=\"robots\" content=\"index, follow, max-snippet:-1, max-image-preview:large, max-video-preview:-1\" \/>\n<link rel=\"canonical\" href=\"https:\/\/lnbiedriba.lv\/ru\/\u043e\u0431-\u043e\u0431\u0449\u0435\u0441\u0442\u0432\u0435\/\u044d\u043a\u043e\u043b\u043e\u0433\u0438\u0447\u0435\u0441\u043a\u0430\u044f-\u0434\u043e\u0441\u0442\u0443\u043f\u043d\u043e\u0441\u0442\u044c\/\" \/>\n<meta property=\"og:locale\" content=\"ru_RU\" \/>\n<meta property=\"og:type\" content=\"article\" \/>\n<meta property=\"og:title\" content=\"\u042d\u043a\u043e\u043b\u043e\u0433\u0438\u0447\u0435\u0441\u043a\u0430\u044f \u0434\u043e\u0441\u0442\u0443\u043f\u043d\u043e\u0441\u0442\u044c - Latvijas Neredz\u012bgo Biedr\u012bba\" \/>\n<meta property=\"og:url\" content=\"https:\/\/lnbiedriba.lv\/ru\/\u043e\u0431-\u043e\u0431\u0449\u0435\u0441\u0442\u0432\u0435\/\u044d\u043a\u043e\u043b\u043e\u0433\u0438\u0447\u0435\u0441\u043a\u0430\u044f-\u0434\u043e\u0441\u0442\u0443\u043f\u043d\u043e\u0441\u0442\u044c\/\" \/>\n<meta property=\"og:site_name\" content=\"Latvijas Neredz\u012bgo Biedr\u012bba\" \/>\n<meta property=\"article:modified_time\" content=\"2025-04-09T22:57:12+00:00\" \/>\n<meta name=\"twitter:card\" content=\"summary_large_image\" \/>\n<script type=\"application\/ld+json\" class=\"yoast-schema-graph\">{\"@context\":\"https:\/\/schema.org\",\"@graph\":[{\"@type\":\"WebPage\",\"@id\":\"https:\/\/lnbiedriba.lv\/ru\/%d0%be%d0%b1-%d0%be%d0%b1%d1%89%d0%b5%d1%81%d1%82%d0%b2%d0%b5\/%d1%8d%d0%ba%d0%be%d0%bb%d0%be%d0%b3%d0%b8%d1%87%d0%b5%d1%81%d0%ba%d0%b0%d1%8f-%d0%b4%d0%be%d1%81%d1%82%d1%83%d0%bf%d0%bd%d0%be%d1%81%d1%82%d1%8c\/\",\"url\":\"https:\/\/lnbiedriba.lv\/ru\/%d0%be%d0%b1-%d0%be%d0%b1%d1%89%d0%b5%d1%81%d1%82%d0%b2%d0%b5\/%d1%8d%d0%ba%d0%be%d0%bb%d0%be%d0%b3%d0%b8%d1%87%d0%b5%d1%81%d0%ba%d0%b0%d1%8f-%d0%b4%d0%be%d1%81%d1%82%d1%83%d0%bf%d0%bd%d0%be%d1%81%d1%82%d1%8c\/\",\"name\":\"\u042d\u043a\u043e\u043b\u043e\u0433\u0438\u0447\u0435\u0441\u043a\u0430\u044f \u0434\u043e\u0441\u0442\u0443\u043f\u043d\u043e\u0441\u0442\u044c - Latvijas Neredz\u012bgo Biedr\u012bba\",\"isPartOf\":{\"@id\":\"https:\/\/www.deepskyblue-opossum-371189.hostingersite.com\/en\/#website\"},\"datePublished\":\"2024-12-06T21:18:01+00:00\",\"dateModified\":\"2025-04-09T22:57:12+00:00\",\"breadcrumb\":{\"@id\":\"https:\/\/lnbiedriba.lv\/ru\/%d0%be%d0%b1-%d0%be%d0%b1%d1%89%d0%b5%d1%81%d1%82%d0%b2%d0%b5\/%d1%8d%d0%ba%d0%be%d0%bb%d0%be%d0%b3%d0%b8%d1%87%d0%b5%d1%81%d0%ba%d0%b0%d1%8f-%d0%b4%d0%be%d1%81%d1%82%d1%83%d0%bf%d0%bd%d0%be%d1%81%d1%82%d1%8c\/#breadcrumb\"},\"inLanguage\":\"ru-RU\",\"potentialAction\":[{\"@type\":\"ReadAction\",\"target\":[\"https:\/\/lnbiedriba.lv\/ru\/%d0%be%d0%b1-%d0%be%d0%b1%d1%89%d0%b5%d1%81%d1%82%d0%b2%d0%b5\/%d1%8d%d0%ba%d0%be%d0%bb%d0%be%d0%b3%d0%b8%d1%87%d0%b5%d1%81%d0%ba%d0%b0%d1%8f-%d0%b4%d0%be%d1%81%d1%82%d1%83%d0%bf%d0%bd%d0%be%d1%81%d1%82%d1%8c\/\"]}]},{\"@type\":\"BreadcrumbList\",\"@id\":\"https:\/\/lnbiedriba.lv\/ru\/%d0%be%d0%b1-%d0%be%d0%b1%d1%89%d0%b5%d1%81%d1%82%d0%b2%d0%b5\/%d1%8d%d0%ba%d0%be%d0%bb%d0%be%d0%b3%d0%b8%d1%87%d0%b5%d1%81%d0%ba%d0%b0%d1%8f-%d0%b4%d0%be%d1%81%d1%82%d1%83%d0%bf%d0%bd%d0%be%d1%81%d1%82%d1%8c\/#breadcrumb\",\"itemListElement\":[{\"@type\":\"ListItem\",\"position\":1,\"name\":\"Home\",\"item\":\"https:\/\/www.deepskyblue-opossum-371189.hostingersite.com\/ru\/\"},{\"@type\":\"ListItem\",\"position\":2,\"name\":\"\u041e\u0431 \u041e\u0431\u0449\u0435\u0441\u0442\u0432\u0435\",\"item\":\"https:\/\/lnbiedriba.lv\/ru\/%d0%be%d0%b1-%d0%be%d0%b1%d1%89%d0%b5%d1%81%d1%82%d0%b2%d0%b5\/\"},{\"@type\":\"ListItem\",\"position\":3,\"name\":\"\u042d\u043a\u043e\u043b\u043e\u0433\u0438\u0447\u0435\u0441\u043a\u0430\u044f \u0434\u043e\u0441\u0442\u0443\u043f\u043d\u043e\u0441\u0442\u044c\"}]},{\"@type\":\"WebSite\",\"@id\":\"https:\/\/www.deepskyblue-opossum-371189.hostingersite.com\/en\/#website\",\"url\":\"https:\/\/www.deepskyblue-opossum-371189.hostingersite.com\/en\/\",\"name\":\"Latvijas Neredz\u012bgo Biedr\u012bba\",\"description\":\"Apvienojam un p\u0101rst\u0101vam 1., 2. un 3. grupas redzes inval\u012bdu intereses Latvij\u0101.\",\"potentialAction\":[{\"@type\":\"SearchAction\",\"target\":{\"@type\":\"EntryPoint\",\"urlTemplate\":\"https:\/\/www.deepskyblue-opossum-371189.hostingersite.com\/en\/?s={search_term_string}\"},\"query-input\":{\"@type\":\"PropertyValueSpecification\",\"valueRequired\":true,\"valueName\":\"search_term_string\"}}],\"inLanguage\":\"ru-RU\"}]}<\/script>\n<!-- \/ Yoast SEO plugin. -->","yoast_head_json":{"title":"\u042d\u043a\u043e\u043b\u043e\u0433\u0438\u0447\u0435\u0441\u043a\u0430\u044f \u0434\u043e\u0441\u0442\u0443\u043f\u043d\u043e\u0441\u0442\u044c - Latvijas Neredz\u012bgo Biedr\u012bba","robots":{"index":"index","follow":"follow","max-snippet":"max-snippet:-1","max-image-preview":"max-image-preview:large","max-video-preview":"max-video-preview:-1"},"canonical":"https:\/\/lnbiedriba.lv\/ru\/\u043e\u0431-\u043e\u0431\u0449\u0435\u0441\u0442\u0432\u0435\/\u044d\u043a\u043e\u043b\u043e\u0433\u0438\u0447\u0435\u0441\u043a\u0430\u044f-\u0434\u043e\u0441\u0442\u0443\u043f\u043d\u043e\u0441\u0442\u044c\/","og_locale":"ru_RU","og_type":"article","og_title":"\u042d\u043a\u043e\u043b\u043e\u0433\u0438\u0447\u0435\u0441\u043a\u0430\u044f \u0434\u043e\u0441\u0442\u0443\u043f\u043d\u043e\u0441\u0442\u044c - Latvijas Neredz\u012bgo Biedr\u012bba","og_url":"https:\/\/lnbiedriba.lv\/ru\/\u043e\u0431-\u043e\u0431\u0449\u0435\u0441\u0442\u0432\u0435\/\u044d\u043a\u043e\u043b\u043e\u0433\u0438\u0447\u0435\u0441\u043a\u0430\u044f-\u0434\u043e\u0441\u0442\u0443\u043f\u043d\u043e\u0441\u0442\u044c\/","og_site_name":"Latvijas Neredz\u012bgo Biedr\u012bba","article_modified_time":"2025-04-09T22:57:12+00:00","twitter_card":"summary_large_image","schema":{"@context":"https:\/\/schema.org","@graph":[{"@type":"WebPage","@id":"https:\/\/lnbiedriba.lv\/ru\/%d0%be%d0%b1-%d0%be%d0%b1%d1%89%d0%b5%d1%81%d1%82%d0%b2%d0%b5\/%d1%8d%d0%ba%d0%be%d0%bb%d0%be%d0%b3%d0%b8%d1%87%d0%b5%d1%81%d0%ba%d0%b0%d1%8f-%d0%b4%d0%be%d1%81%d1%82%d1%83%d0%bf%d0%bd%d0%be%d1%81%d1%82%d1%8c\/","url":"https:\/\/lnbiedriba.lv\/ru\/%d0%be%d0%b1-%d0%be%d0%b1%d1%89%d0%b5%d1%81%d1%82%d0%b2%d0%b5\/%d1%8d%d0%ba%d0%be%d0%bb%d0%be%d0%b3%d0%b8%d1%87%d0%b5%d1%81%d0%ba%d0%b0%d1%8f-%d0%b4%d0%be%d1%81%d1%82%d1%83%d0%bf%d0%bd%d0%be%d1%81%d1%82%d1%8c\/","name":"\u042d\u043a\u043e\u043b\u043e\u0433\u0438\u0447\u0435\u0441\u043a\u0430\u044f \u0434\u043e\u0441\u0442\u0443\u043f\u043d\u043e\u0441\u0442\u044c - Latvijas Neredz\u012bgo Biedr\u012bba","isPartOf":{"@id":"https:\/\/www.deepskyblue-opossum-371189.hostingersite.com\/en\/#website"},"datePublished":"2024-12-06T21:18:01+00:00","dateModified":"2025-04-09T22:57:12+00:00","breadcrumb":{"@id":"https:\/\/lnbiedriba.lv\/ru\/%d0%be%d0%b1-%d0%be%d0%b1%d1%89%d0%b5%d1%81%d1%82%d0%b2%d0%b5\/%d1%8d%d0%ba%d0%be%d0%bb%d0%be%d0%b3%d0%b8%d1%87%d0%b5%d1%81%d0%ba%d0%b0%d1%8f-%d0%b4%d0%be%d1%81%d1%82%d1%83%d0%bf%d0%bd%d0%be%d1%81%d1%82%d1%8c\/#breadcrumb"},"inLanguage":"ru-RU","potentialAction":[{"@type":"ReadAction","target":["https:\/\/lnbiedriba.lv\/ru\/%d0%be%d0%b1-%d0%be%d0%b1%d1%89%d0%b5%d1%81%d1%82%d0%b2%d0%b5\/%d1%8d%d0%ba%d0%be%d0%bb%d0%be%d0%b3%d0%b8%d1%87%d0%b5%d1%81%d0%ba%d0%b0%d1%8f-%d0%b4%d0%be%d1%81%d1%82%d1%83%d0%bf%d0%bd%d0%be%d1%81%d1%82%d1%8c\/"]}]},{"@type":"BreadcrumbList","@id":"https:\/\/lnbiedriba.lv\/ru\/%d0%be%d0%b1-%d0%be%d0%b1%d1%89%d0%b5%d1%81%d1%82%d0%b2%d0%b5\/%d1%8d%d0%ba%d0%be%d0%bb%d0%be%d0%b3%d0%b8%d1%87%d0%b5%d1%81%d0%ba%d0%b0%d1%8f-%d0%b4%d0%be%d1%81%d1%82%d1%83%d0%bf%d0%bd%d0%be%d1%81%d1%82%d1%8c\/#breadcrumb","itemListElement":[{"@type":"ListItem","position":1,"name":"Home","item":"https:\/\/www.deepskyblue-opossum-371189.hostingersite.com\/ru\/"},{"@type":"ListItem","position":2,"name":"\u041e\u0431 \u041e\u0431\u0449\u0435\u0441\u0442\u0432\u0435","item":"https:\/\/lnbiedriba.lv\/ru\/%d0%be%d0%b1-%d0%be%d0%b1%d1%89%d0%b5%d1%81%d1%82%d0%b2%d0%b5\/"},{"@type":"ListItem","position":3,"name":"\u042d\u043a\u043e\u043b\u043e\u0433\u0438\u0447\u0435\u0441\u043a\u0430\u044f \u0434\u043e\u0441\u0442\u0443\u043f\u043d\u043e\u0441\u0442\u044c"}]},{"@type":"WebSite","@id":"https:\/\/www.deepskyblue-opossum-371189.hostingersite.com\/en\/#website","url":"https:\/\/www.deepskyblue-opossum-371189.hostingersite.com\/en\/","name":"Latvijas Neredz\u012bgo Biedr\u012bba","description":"Apvienojam un p\u0101rst\u0101vam 1., 2. un 3. grupas redzes inval\u012bdu intereses Latvij\u0101.","potentialAction":[{"@type":"SearchAction","target":{"@type":"EntryPoint","urlTemplate":"https:\/\/www.deepskyblue-opossum-371189.hostingersite.com\/en\/?s={search_term_string}"},"query-input":{"@type":"PropertyValueSpecification","valueRequired":true,"valueName":"search_term_string"}}],"inLanguage":"ru-RU"}]}},"_links":{"self":[{"href":"https:\/\/lnbiedriba.lv\/ru\/wp-json\/wp\/v2\/pages\/10565","targetHints":{"allow":["GET"]}}],"collection":[{"href":"https:\/\/lnbiedriba.lv\/ru\/wp-json\/wp\/v2\/pages"}],"about":[{"href":"https:\/\/lnbiedriba.lv\/ru\/wp-json\/wp\/v2\/types\/page"}],"author":[{"embeddable":true,"href":"https:\/\/lnbiedriba.lv\/ru\/wp-json\/wp\/v2\/users\/1"}],"replies":[{"embeddable":true,"href":"https:\/\/lnbiedriba.lv\/ru\/wp-json\/wp\/v2\/comments?post=10565"}],"version-history":[{"count":1,"href":"https:\/\/lnbiedriba.lv\/ru\/wp-json\/wp\/v2\/pages\/10565\/revisions"}],"predecessor-version":[{"id":10639,"href":"https:\/\/lnbiedriba.lv\/ru\/wp-json\/wp\/v2\/pages\/10565\/revisions\/10639"}],"up":[{"embeddable":true,"href":"https:\/\/lnbiedriba.lv\/ru\/wp-json\/wp\/v2\/pages\/10632"}],"wp:attachment":[{"href":"https:\/\/lnbiedriba.lv\/ru\/wp-json\/wp\/v2\/media?parent=10565"}],"curies":[{"name":"wp","href":"https:\/\/api.w.org\/{rel}","templated":true}]}}