{"id":10582,"date":"2024-12-06T17:57:56","date_gmt":"2024-12-06T15:57:56","guid":{"rendered":"https:\/\/deepskyblue-opossum-371189.hostingersite.com\/%d0%ba%d0%be%d0%bd%d1%82%d0%b0%d0%ba%d1%82%d1%8b-%d0%ba%d0%bb%d1%83%d0%b1%d0%b0-strazdumuiza\/"},"modified":"2025-05-13T12:15:00","modified_gmt":"2025-05-13T09:15:00","slug":"%d0%ba%d0%be%d0%bd%d1%82%d0%b0%d0%ba%d1%82%d1%8b-%d0%ba%d0%bb%d1%83%d0%b1%d0%b0-strazdumuiza","status":"publish","type":"page","link":"https:\/\/lnbiedriba.lv\/ru\/%d1%81%d0%b2%d1%8f%d0%b6%d0%b8%d1%82%d0%b5%d1%81%d1%8c-%d1%81\/%d0%ba%d0%be%d0%bd%d1%82%d0%b0%d0%ba%d1%82%d1%8b-%d0%ba%d0%bb%d1%83%d0%b1%d0%b0-strazdumuiza\/","title":{"rendered":"\u041a\u043e\u043d\u0442\u0430\u043a\u0442\u044b \u043a\u043b\u0443\u0431\u0430 Strazdumuiza"},"content":{"rendered":"","protected":false},"excerpt":{"rendered":"","protected":false},"author":1,"featured_media":0,"parent":10591,"menu_order":54,"comment_status":"closed","ping_status":"closed","template":"builder.php","meta":[],"class_list":["post-10582","page","type-page","status-publish","hentry"],"acf":[],"yoast_head":"<!-- This site is optimized with the Yoast SEO plugin v25.1 - https:\/\/yoast.com\/wordpress\/plugins\/seo\/ -->\n<title>\u041a\u043e\u043d\u0442\u0430\u043a\u0442\u044b \u043a\u043b\u0443\u0431\u0430 Strazdumuiza - Latvijas Neredz\u012bgo Biedr\u012bba<\/title>\n<meta name=\"robots\" content=\"index, follow, max-snippet:-1, max-image-preview:large, max-video-preview:-1\" \/>\n<link rel=\"canonical\" href=\"https:\/\/lnbiedriba.lv\/ru\/\u0441\u0432\u044f\u0436\u0438\u0442\u0435\u0441\u044c-\u0441\/\u043a\u043e\u043d\u0442\u0430\u043a\u0442\u044b-\u043a\u043b\u0443\u0431\u0430-strazdumuiza\/\" \/>\n<meta property=\"og:locale\" content=\"ru_RU\" \/>\n<meta property=\"og:type\" content=\"article\" \/>\n<meta property=\"og:title\" content=\"\u041a\u043e\u043d\u0442\u0430\u043a\u0442\u044b \u043a\u043b\u0443\u0431\u0430 Strazdumuiza - Latvijas Neredz\u012bgo Biedr\u012bba\" \/>\n<meta property=\"og:url\" content=\"https:\/\/lnbiedriba.lv\/ru\/\u0441\u0432\u044f\u0436\u0438\u0442\u0435\u0441\u044c-\u0441\/\u043a\u043e\u043d\u0442\u0430\u043a\u0442\u044b-\u043a\u043b\u0443\u0431\u0430-strazdumuiza\/\" \/>\n<meta property=\"og:site_name\" content=\"Latvijas Neredz\u012bgo Biedr\u012bba\" \/>\n<meta property=\"article:modified_time\" content=\"2025-05-13T09:15:00+00:00\" \/>\n<meta name=\"twitter:card\" content=\"summary_large_image\" \/>\n<script type=\"application\/ld+json\" class=\"yoast-schema-graph\">{\"@context\":\"https:\/\/schema.org\",\"@graph\":[{\"@type\":\"WebPage\",\"@id\":\"https:\/\/lnbiedriba.lv\/ru\/%d1%81%d0%b2%d1%8f%d0%b6%d0%b8%d1%82%d0%b5%d1%81%d1%8c-%d1%81\/%d0%ba%d0%be%d0%bd%d1%82%d0%b0%d0%ba%d1%82%d1%8b-%d0%ba%d0%bb%d1%83%d0%b1%d0%b0-strazdumuiza\/\",\"url\":\"https:\/\/lnbiedriba.lv\/ru\/%d1%81%d0%b2%d1%8f%d0%b6%d0%b8%d1%82%d0%b5%d1%81%d1%8c-%d1%81\/%d0%ba%d0%be%d0%bd%d1%82%d0%b0%d0%ba%d1%82%d1%8b-%d0%ba%d0%bb%d1%83%d0%b1%d0%b0-strazdumuiza\/\",\"name\":\"\u041a\u043e\u043d\u0442\u0430\u043a\u0442\u044b \u043a\u043b\u0443\u0431\u0430 Strazdumuiza - Latvijas Neredz\u012bgo Biedr\u012bba\",\"isPartOf\":{\"@id\":\"https:\/\/www.deepskyblue-opossum-371189.hostingersite.com\/en\/#website\"},\"datePublished\":\"2024-12-06T15:57:56+00:00\",\"dateModified\":\"2025-05-13T09:15:00+00:00\",\"breadcrumb\":{\"@id\":\"https:\/\/lnbiedriba.lv\/ru\/%d1%81%d0%b2%d1%8f%d0%b6%d0%b8%d1%82%d0%b5%d1%81%d1%8c-%d1%81\/%d0%ba%d0%be%d0%bd%d1%82%d0%b0%d0%ba%d1%82%d1%8b-%d0%ba%d0%bb%d1%83%d0%b1%d0%b0-strazdumuiza\/#breadcrumb\"},\"inLanguage\":\"ru-RU\",\"potentialAction\":[{\"@type\":\"ReadAction\",\"target\":[\"https:\/\/lnbiedriba.lv\/ru\/%d1%81%d0%b2%d1%8f%d0%b6%d0%b8%d1%82%d0%b5%d1%81%d1%8c-%d1%81\/%d0%ba%d0%be%d0%bd%d1%82%d0%b0%d0%ba%d1%82%d1%8b-%d0%ba%d0%bb%d1%83%d0%b1%d0%b0-strazdumuiza\/\"]}]},{\"@type\":\"BreadcrumbList\",\"@id\":\"https:\/\/lnbiedriba.lv\/ru\/%d1%81%d0%b2%d1%8f%d0%b6%d0%b8%d1%82%d0%b5%d1%81%d1%8c-%d1%81\/%d0%ba%d0%be%d0%bd%d1%82%d0%b0%d0%ba%d1%82%d1%8b-%d0%ba%d0%bb%d1%83%d0%b1%d0%b0-strazdumuiza\/#breadcrumb\",\"itemListElement\":[{\"@type\":\"ListItem\",\"position\":1,\"name\":\"Home\",\"item\":\"https:\/\/www.deepskyblue-opossum-371189.hostingersite.com\/ru\/\"},{\"@type\":\"ListItem\",\"position\":2,\"name\":\"\u0421\u0432\u044f\u0436\u0438\u0442\u0435\u0441\u044c \u0441\",\"item\":\"https:\/\/lnbiedriba.lv\/ru\/%d1%81%d0%b2%d1%8f%d0%b6%d0%b8%d1%82%d0%b5%d1%81%d1%8c-%d1%81\/\"},{\"@type\":\"ListItem\",\"position\":3,\"name\":\"\u041a\u043e\u043d\u0442\u0430\u043a\u0442\u044b \u043a\u043b\u0443\u0431\u0430 Strazdumuiza\"}]},{\"@type\":\"WebSite\",\"@id\":\"https:\/\/www.deepskyblue-opossum-371189.hostingersite.com\/en\/#website\",\"url\":\"https:\/\/www.deepskyblue-opossum-371189.hostingersite.com\/en\/\",\"name\":\"Latvijas Neredz\u012bgo Biedr\u012bba\",\"description\":\"Apvienojam un p\u0101rst\u0101vam 1., 2. un 3. grupas redzes inval\u012bdu intereses Latvij\u0101.\",\"potentialAction\":[{\"@type\":\"SearchAction\",\"target\":{\"@type\":\"EntryPoint\",\"urlTemplate\":\"https:\/\/www.deepskyblue-opossum-371189.hostingersite.com\/en\/?s={search_term_string}\"},\"query-input\":{\"@type\":\"PropertyValueSpecification\",\"valueRequired\":true,\"valueName\":\"search_term_string\"}}],\"inLanguage\":\"ru-RU\"}]}<\/script>\n<!-- \/ Yoast SEO plugin. -->","yoast_head_json":{"title":"\u041a\u043e\u043d\u0442\u0430\u043a\u0442\u044b \u043a\u043b\u0443\u0431\u0430 Strazdumuiza - Latvijas Neredz\u012bgo Biedr\u012bba","robots":{"index":"index","follow":"follow","max-snippet":"max-snippet:-1","max-image-preview":"max-image-preview:large","max-video-preview":"max-video-preview:-1"},"canonical":"https:\/\/lnbiedriba.lv\/ru\/\u0441\u0432\u044f\u0436\u0438\u0442\u0435\u0441\u044c-\u0441\/\u043a\u043e\u043d\u0442\u0430\u043a\u0442\u044b-\u043a\u043b\u0443\u0431\u0430-strazdumuiza\/","og_locale":"ru_RU","og_type":"article","og_title":"\u041a\u043e\u043d\u0442\u0430\u043a\u0442\u044b \u043a\u043b\u0443\u0431\u0430 Strazdumuiza - Latvijas Neredz\u012bgo Biedr\u012bba","og_url":"https:\/\/lnbiedriba.lv\/ru\/\u0441\u0432\u044f\u0436\u0438\u0442\u0435\u0441\u044c-\u0441\/\u043a\u043e\u043d\u0442\u0430\u043a\u0442\u044b-\u043a\u043b\u0443\u0431\u0430-strazdumuiza\/","og_site_name":"Latvijas Neredz\u012bgo Biedr\u012bba","article_modified_time":"2025-05-13T09:15:00+00:00","twitter_card":"summary_large_image","schema":{"@context":"https:\/\/schema.org","@graph":[{"@type":"WebPage","@id":"https:\/\/lnbiedriba.lv\/ru\/%d1%81%d0%b2%d1%8f%d0%b6%d0%b8%d1%82%d0%b5%d1%81%d1%8c-%d1%81\/%d0%ba%d0%be%d0%bd%d1%82%d0%b0%d0%ba%d1%82%d1%8b-%d0%ba%d0%bb%d1%83%d0%b1%d0%b0-strazdumuiza\/","url":"https:\/\/lnbiedriba.lv\/ru\/%d1%81%d0%b2%d1%8f%d0%b6%d0%b8%d1%82%d0%b5%d1%81%d1%8c-%d1%81\/%d0%ba%d0%be%d0%bd%d1%82%d0%b0%d0%ba%d1%82%d1%8b-%d0%ba%d0%bb%d1%83%d0%b1%d0%b0-strazdumuiza\/","name":"\u041a\u043e\u043d\u0442\u0430\u043a\u0442\u044b \u043a\u043b\u0443\u0431\u0430 Strazdumuiza - Latvijas Neredz\u012bgo Biedr\u012bba","isPartOf":{"@id":"https:\/\/www.deepskyblue-opossum-371189.hostingersite.com\/en\/#website"},"datePublished":"2024-12-06T15:57:56+00:00","dateModified":"2025-05-13T09:15:00+00:00","breadcrumb":{"@id":"https:\/\/lnbiedriba.lv\/ru\/%d1%81%d0%b2%d1%8f%d0%b6%d0%b8%d1%82%d0%b5%d1%81%d1%8c-%d1%81\/%d0%ba%d0%be%d0%bd%d1%82%d0%b0%d0%ba%d1%82%d1%8b-%d0%ba%d0%bb%d1%83%d0%b1%d0%b0-strazdumuiza\/#breadcrumb"},"inLanguage":"ru-RU","potentialAction":[{"@type":"ReadAction","target":["https:\/\/lnbiedriba.lv\/ru\/%d1%81%d0%b2%d1%8f%d0%b6%d0%b8%d1%82%d0%b5%d1%81%d1%8c-%d1%81\/%d0%ba%d0%be%d0%bd%d1%82%d0%b0%d0%ba%d1%82%d1%8b-%d0%ba%d0%bb%d1%83%d0%b1%d0%b0-strazdumuiza\/"]}]},{"@type":"BreadcrumbList","@id":"https:\/\/lnbiedriba.lv\/ru\/%d1%81%d0%b2%d1%8f%d0%b6%d0%b8%d1%82%d0%b5%d1%81%d1%8c-%d1%81\/%d0%ba%d0%be%d0%bd%d1%82%d0%b0%d0%ba%d1%82%d1%8b-%d0%ba%d0%bb%d1%83%d0%b1%d0%b0-strazdumuiza\/#breadcrumb","itemListElement":[{"@type":"ListItem","position":1,"name":"Home","item":"https:\/\/www.deepskyblue-opossum-371189.hostingersite.com\/ru\/"},{"@type":"ListItem","position":2,"name":"\u0421\u0432\u044f\u0436\u0438\u0442\u0435\u0441\u044c \u0441","item":"https:\/\/lnbiedriba.lv\/ru\/%d1%81%d0%b2%d1%8f%d0%b6%d0%b8%d1%82%d0%b5%d1%81%d1%8c-%d1%81\/"},{"@type":"ListItem","position":3,"name":"\u041a\u043e\u043d\u0442\u0430\u043a\u0442\u044b \u043a\u043b\u0443\u0431\u0430 Strazdumuiza"}]},{"@type":"WebSite","@id":"https:\/\/www.deepskyblue-opossum-371189.hostingersite.com\/en\/#website","url":"https:\/\/www.deepskyblue-opossum-371189.hostingersite.com\/en\/","name":"Latvijas Neredz\u012bgo Biedr\u012bba","description":"Apvienojam un p\u0101rst\u0101vam 1., 2. un 3. grupas redzes inval\u012bdu intereses Latvij\u0101.","potentialAction":[{"@type":"SearchAction","target":{"@type":"EntryPoint","urlTemplate":"https:\/\/www.deepskyblue-opossum-371189.hostingersite.com\/en\/?s={search_term_string}"},"query-input":{"@type":"PropertyValueSpecification","valueRequired":true,"valueName":"search_term_string"}}],"inLanguage":"ru-RU"}]}},"_links":{"self":[{"href":"https:\/\/lnbiedriba.lv\/ru\/wp-json\/wp\/v2\/pages\/10582","targetHints":{"allow":["GET"]}}],"collection":[{"href":"https:\/\/lnbiedriba.lv\/ru\/wp-json\/wp\/v2\/pages"}],"about":[{"href":"https:\/\/lnbiedriba.lv\/ru\/wp-json\/wp\/v2\/types\/page"}],"author":[{"embeddable":true,"href":"https:\/\/lnbiedriba.lv\/ru\/wp-json\/wp\/v2\/users\/1"}],"replies":[{"embeddable":true,"href":"https:\/\/lnbiedriba.lv\/ru\/wp-json\/wp\/v2\/comments?post=10582"}],"version-history":[{"count":1,"href":"https:\/\/lnbiedriba.lv\/ru\/wp-json\/wp\/v2\/pages\/10582\/revisions"}],"predecessor-version":[{"id":10595,"href":"https:\/\/lnbiedriba.lv\/ru\/wp-json\/wp\/v2\/pages\/10582\/revisions\/10595"}],"up":[{"embeddable":true,"href":"https:\/\/lnbiedriba.lv\/ru\/wp-json\/wp\/v2\/pages\/10591"}],"wp:attachment":[{"href":"https:\/\/lnbiedriba.lv\/ru\/wp-json\/wp\/v2\/media?parent=10582"}],"curies":[{"name":"wp","href":"https:\/\/api.w.org\/{rel}","templated":true}]}}